{"id":888,"date":"2024-10-20T13:19:01","date_gmt":"2024-10-20T11:19:01","guid":{"rendered":"https:\/\/parentissportathle.fr\/index.php\/membership-join\/"},"modified":"2024-10-21T14:47:13","modified_gmt":"2024-10-21T12:47:13","slug":"membership-join","status":"publish","type":"page","link":"https:\/\/parentissportathle.fr\/index.php\/membership-join\/","title":{"rendered":"Abonnez-vous"},"content":{"rendered":"<p style=\"color: red; font-weight: bold;\">\u00a0<\/p>\n<p>Afin de vous donner acc\u00e8s aux documents r\u00e9serv\u00e9s aux adh\u00e9rents du club nous vous demandons de vous abonner.<\/p>\n<p>Pour cela remplissez le formulaire.<br \/>Comme mot de passe utilisez votre num\u00e9ro de licence.<\/p>\n<p>\u00a0<\/p>\n\n\n<div class=\"wp-block-buttons alignwide is-content-justification-center is-layout-flex wp-container-core-buttons-is-layout-a89b3969 wp-block-buttons-is-layout-flex\">\n<div class=\"wp-block-button\"><a class=\"wp-block-button__link has-text-align-center wp-element-button\" href=\"https:\/\/parentissportathle.fr\/index.php\/membership-join\/membership-registration\/\">Abonnement<\/a><\/div>\n<\/div>\n\n\n\n<p><\/p>\n\n\n\n<p>Apr\u00e8s v\u00e9rification des donn\u00e9es un administrateur validera votre abonnement.<\/p>\n\n\n\n<p><\/p>\n","protected":false},"excerpt":{"rendered":"<p>\u00a0 Afin de vous donner acc\u00e8s aux documents r\u00e9serv\u00e9s aux adh\u00e9rents du club nous vous demandons de vous abonner. Pour cela remplissez le formulaire.Comme mot de passe utilisez votre num\u00e9ro de licence. \u00a0 Apr\u00e8s v\u00e9rification des donn\u00e9es un administrateur validera votre abonnement.<\/p>\n","protected":false},"author":1,"featured_media":0,"parent":0,"menu_order":0,"comment_status":"closed","ping_status":"closed","template":"","meta":{"footnotes":""},"class_list":["post-888","page","type-page","status-publish","hentry"],"_links":{"self":[{"href":"https:\/\/parentissportathle.fr\/index.php\/wp-json\/wp\/v2\/pages\/888","targetHints":{"allow":["GET"]}}],"collection":[{"href":"https:\/\/parentissportathle.fr\/index.php\/wp-json\/wp\/v2\/pages"}],"about":[{"href":"https:\/\/parentissportathle.fr\/index.php\/wp-json\/wp\/v2\/types\/page"}],"author":[{"embeddable":true,"href":"https:\/\/parentissportathle.fr\/index.php\/wp-json\/wp\/v2\/users\/1"}],"replies":[{"embeddable":true,"href":"https:\/\/parentissportathle.fr\/index.php\/wp-json\/wp\/v2\/comments?post=888"}],"version-history":[{"count":7,"href":"https:\/\/parentissportathle.fr\/index.php\/wp-json\/wp\/v2\/pages\/888\/revisions"}],"predecessor-version":[{"id":908,"href":"https:\/\/parentissportathle.fr\/index.php\/wp-json\/wp\/v2\/pages\/888\/revisions\/908"}],"wp:attachment":[{"href":"https:\/\/parentissportathle.fr\/index.php\/wp-json\/wp\/v2\/media?parent=888"}],"curies":[{"name":"wp","href":"https:\/\/api.w.org\/{rel}","templated":true}]}}