{"id":711,"date":"2024-10-19T21:35:06","date_gmt":"2024-10-19T19:35:06","guid":{"rendered":"https:\/\/parentissportathle.fr\/?page_id=711"},"modified":"2024-10-29T22:46:32","modified_gmt":"2024-10-29T21:46:32","slug":"bibliotheque-du-savoir","status":"publish","type":"page","link":"https:\/\/parentissportathle.fr\/index.php\/bibliotheque-du-savoir\/","title":{"rendered":"Biblioth\u00e8que du Savoir"},"content":{"rendered":"<p class=\"has-text-align-center\">Vous devez \u00eatre connect\u00e9 pour acc\u00e9der \u00e0 ces documents.<\/p><p class=\"has-text-align-center\"> Cliquez ici pour vous connecter : <a href=\"https:\/\/parentissportathle.fr\/index.php\/membership-login\/\"\/>Connection<\/a><\/p> <p class=\"has-text-align-center\"> ou bien l\u00e0 pour vous abonner : <a href=\"https:\/\/parentissportathle.fr\/index.php\/membership-join\/\">Nous rejoindre<\/a>.","protected":false},"excerpt":{"rendered":"<p>Vous devez \u00eatre connect\u00e9 pour acc\u00e9der \u00e0 ces documents. Cliquez ici pour vous connecter : Connection ou bien l\u00e0 pour vous abonner : Nous rejoindre.<\/p>\n","protected":false},"author":1,"featured_media":0,"parent":0,"menu_order":0,"comment_status":"closed","ping_status":"closed","template":"wp-custom-template-mod-le-de-page-d-accueil","meta":{"footnotes":""},"class_list":["post-711","page","type-page","status-publish","hentry"],"_links":{"self":[{"href":"https:\/\/parentissportathle.fr\/index.php\/wp-json\/wp\/v2\/pages\/711","targetHints":{"allow":["GET"]}}],"collection":[{"href":"https:\/\/parentissportathle.fr\/index.php\/wp-json\/wp\/v2\/pages"}],"about":[{"href":"https:\/\/parentissportathle.fr\/index.php\/wp-json\/wp\/v2\/types\/page"}],"author":[{"embeddable":true,"href":"https:\/\/parentissportathle.fr\/index.php\/wp-json\/wp\/v2\/users\/1"}],"replies":[{"embeddable":true,"href":"https:\/\/parentissportathle.fr\/index.php\/wp-json\/wp\/v2\/comments?post=711"}],"version-history":[{"count":22,"href":"https:\/\/parentissportathle.fr\/index.php\/wp-json\/wp\/v2\/pages\/711\/revisions"}],"predecessor-version":[{"id":981,"href":"https:\/\/parentissportathle.fr\/index.php\/wp-json\/wp\/v2\/pages\/711\/revisions\/981"}],"wp:attachment":[{"href":"https:\/\/parentissportathle.fr\/index.php\/wp-json\/wp\/v2\/media?parent=711"}],"curies":[{"name":"wp","href":"https:\/\/api.w.org\/{rel}","templated":true}]}}