{"id":2,"date":"2024-07-23T23:15:28","date_gmt":"2024-07-23T21:15:28","guid":{"rendered":"http:\/\/parentissportathle.fr\/?page_id=2"},"modified":"2025-11-24T15:09:03","modified_gmt":"2025-11-24T14:09:03","slug":"page-d-exemple","status":"publish","type":"page","link":"https:\/\/parentissportathle.fr\/","title":{"rendered":"Plaisir et go\u00fbt de l&rsquo;effort"},"content":{"rendered":"\n<blockquote class=\"wp-block-quote is-layout-flow wp-block-quote-is-layout-flow\" style=\"padding-top:0;padding-right:0;padding-bottom:0;padding-left:0\">\n<figure class=\"wp-block-image aligncenter size-full is-resized\"><a href=\"https:\/\/parentissportathle.fr\/index.php\/passathleduc\/\"><img fetchpriority=\"high\" decoding=\"async\" width=\"573\" height=\"99\" src=\"https:\/\/parentissportathle.fr\/wp-content\/uploads\/2025\/09\/pass-education.png\" alt=\"\" class=\"wp-image-1967\" style=\"width:388px;height:auto\" srcset=\"https:\/\/parentissportathle.fr\/wp-content\/uploads\/2025\/09\/pass-education.png 573w, https:\/\/parentissportathle.fr\/wp-content\/uploads\/2025\/09\/pass-education-300x52.png 300w\" sizes=\"(max-width: 573px) 100vw, 573px\" \/><\/a><\/figure>\n\n\n\n<h5 class=\"wp-block-heading has-text-align-center is-style-default has-text-color has-background has-link-color wp-elements-26d0f2b17b45543777ffe77852f6f27c\" style=\"border-style:none;border-width:0px;border-radius:14px;color:#d98244;background-color:#fbfbe2;padding-top:var(--wp--preset--spacing--10);padding-right:var(--wp--preset--spacing--40);padding-bottom:var(--wp--preset--spacing--10);padding-left:var(--wp--preset--spacing--40);font-style:normal;font-weight:700\">Le Pass&rsquo;ATHLEDUC<br> permet de marier l&rsquo;athl\u00e9tisme et l&rsquo;\u00e9ducation.<\/h5>\n<\/blockquote>\n\n\n\n<div style=\"height:100px\" aria-hidden=\"true\" class=\"wp-block-spacer\"><\/div>\n\n\n\n<h3 class=\"wp-block-heading has-text-align-right\"><strong>L\u2019ESPRIT ATHLETIQUE<\/strong><\/h3>\n\n\n\n<p>L\u2019esprit athl\u00e9tique c\u2019est une recherche permanente de la perfection du geste et du d\u00e9passement de soi avec pour t\u00e9moin impartial le m\u00e8tre ou le chronom\u00e8tre et le go\u00fbt de la lutte et de l\u2019effort.<\/p>\n\n\n\n<p>Repousser sans cesse ses propres limites.<\/p>\n\n\n\n<p>Toutes les m\u00e9thodes de perfectionnement demandent une progressivit\u00e9.<\/p>\n\n\n\n<p>En technique plus on intervient jeune mieux c\u2019est.<\/p>\n\n\n\n<p>Elever le mental de ses athl\u00e8tes, entretenir le d\u00e9sir de se d\u00e9passer, de lutter <strong>est le bon choix<\/strong>.<\/p>\n\n\n\n<p>La r\u00e9p\u00e9tition est un facteur de progr\u00e8s indispensable. Le meilleur des exercices ne peut \u00eatre efficace sans bon nombre de r\u00e9p\u00e9titions.<\/p>\n\n\n\n<p class=\"has-text-align-right\">Jacques Piasenta 1984<\/p>\n\n\n\n<p><\/p>\n","protected":false},"excerpt":{"rendered":"<p>L\u2019ESPRIT ATHLETIQUE L\u2019esprit athl\u00e9tique c\u2019est une recherche permanente de la perfection du geste et du d\u00e9passement de soi avec pour t\u00e9moin impartial le m\u00e8tre ou le chronom\u00e8tre et le go\u00fbt de la lutte et de l\u2019effort. Repousser sans cesse ses propres limites. Toutes les m\u00e9thodes de perfectionnement demandent une progressivit\u00e9. En technique plus on intervient [&hellip;]<\/p>\n","protected":false},"author":1,"featured_media":1635,"parent":0,"menu_order":0,"comment_status":"closed","ping_status":"open","template":"page-wide","meta":{"footnotes":""},"class_list":["post-2","page","type-page","status-publish","has-post-thumbnail","hentry"],"_links":{"self":[{"href":"https:\/\/parentissportathle.fr\/index.php\/wp-json\/wp\/v2\/pages\/2","targetHints":{"allow":["GET"]}}],"collection":[{"href":"https:\/\/parentissportathle.fr\/index.php\/wp-json\/wp\/v2\/pages"}],"about":[{"href":"https:\/\/parentissportathle.fr\/index.php\/wp-json\/wp\/v2\/types\/page"}],"author":[{"embeddable":true,"href":"https:\/\/parentissportathle.fr\/index.php\/wp-json\/wp\/v2\/users\/1"}],"replies":[{"embeddable":true,"href":"https:\/\/parentissportathle.fr\/index.php\/wp-json\/wp\/v2\/comments?post=2"}],"version-history":[{"count":44,"href":"https:\/\/parentissportathle.fr\/index.php\/wp-json\/wp\/v2\/pages\/2\/revisions"}],"predecessor-version":[{"id":1979,"href":"https:\/\/parentissportathle.fr\/index.php\/wp-json\/wp\/v2\/pages\/2\/revisions\/1979"}],"wp:featuredmedia":[{"embeddable":true,"href":"https:\/\/parentissportathle.fr\/index.php\/wp-json\/wp\/v2\/media\/1635"}],"wp:attachment":[{"href":"https:\/\/parentissportathle.fr\/index.php\/wp-json\/wp\/v2\/media?parent=2"}],"curies":[{"name":"wp","href":"https:\/\/api.w.org\/{rel}","templated":true}]}}