{"id":1973,"date":"2025-09-18T19:32:01","date_gmt":"2025-09-18T17:32:01","guid":{"rendered":"https:\/\/parentissportathle.fr\/?page_id=1973"},"modified":"2025-11-24T15:15:50","modified_gmt":"2025-11-24T14:15:50","slug":"passathleduc","status":"publish","type":"page","link":"https:\/\/parentissportathle.fr\/index.php\/passathleduc\/","title":{"rendered":"Pass&rsquo;ATHLEDUC"},"content":{"rendered":"\n<div class=\"wp-block-group alignwide has-global-padding is-layout-constrained wp-block-group-is-layout-constrained\">\n<p class=\"has-text-align-left has-medium-font-size\">Vous trouverez sur cette page les fiches <strong>Pass Education<\/strong> ainsi que les op\u00e9rations qui seront men\u00e9s durant l&rsquo;ann\u00e9e.<\/p>\n\n\n\n<p><\/p>\n<\/div>\n\n\n\n<div style=\"height:50px\" aria-hidden=\"true\" class=\"wp-block-spacer\"><\/div>\n\n\n\n<div data-wp-interactive=\"core\/file\" class=\"wp-block-file\"><object data-wp-bind--hidden=\"!state.hasPdfPreview\" hidden class=\"wp-block-file__embed\" data=\"https:\/\/parentissportathle.fr\/wp-content\/uploads\/2025\/09\/PassAthleduc-Fichiers-decouverte-Special-Athletisme-CM1-CM2-6eme.pdf\" type=\"application\/pdf\" style=\"width:100%;height:560px\" aria-label=\"Contenu embarqu\u00e9 &lt;strong&gt;PassAthl\u00e9duc-Fichiers-d\u00e9couverte-Sp\u00e9cial-Athl\u00e9tisme-CM1-CM2-6\u00e8me&lt;\/strong&gt;.\"><\/object><a id=\"wp-block-file--media-525c97da-80f9-4d48-9192-e9b425af3614\" href=\"https:\/\/parentissportathle.fr\/wp-content\/uploads\/2025\/09\/PassAthleduc-Fichiers-decouverte-Special-Athletisme-CM1-CM2-6eme.pdf\"><strong>PassAthl\u00e9duc-Fichiers-d\u00e9couverte-Sp\u00e9cial-Athl\u00e9tisme-CM1-CM2-6\u00e8me<\/strong><\/a><a href=\"https:\/\/parentissportathle.fr\/wp-content\/uploads\/2025\/09\/PassAthleduc-Fichiers-decouverte-Special-Athletisme-CM1-CM2-6eme.pdf\" class=\"wp-block-file__button wp-element-button\" download aria-describedby=\"wp-block-file--media-525c97da-80f9-4d48-9192-e9b425af3614\">T\u00e9l\u00e9charger<\/a><\/div>\n\n\n\n<div data-wp-interactive=\"core\/file\" class=\"wp-block-file\"><object data-wp-bind--hidden=\"!state.hasPdfPreview\" hidden class=\"wp-block-file__embed\" data=\"https:\/\/parentissportathle.fr\/wp-content\/uploads\/2025\/09\/PassAthleduc-Fichiers-decouverte-Special-Athletisme-5eme-4eme-3eme.pdf\" type=\"application\/pdf\" style=\"width:100%;height:530px\" aria-label=\"Contenu embarqu\u00e9 &lt;strong&gt;PassAthl\u00e9duc-Fichiers-d\u00e9couverte-Sp\u00e9cial-Athl\u00e9tisme-5eme-4eme-3eme&lt;\/strong&gt;.\"><\/object><a id=\"wp-block-file--media-f3b734c1-ba4b-43d3-ac71-4e07670798d4\" href=\"https:\/\/parentissportathle.fr\/wp-content\/uploads\/2025\/09\/PassAthleduc-Fichiers-decouverte-Special-Athletisme-5eme-4eme-3eme.pdf\"><strong>PassAthl\u00e9duc-Fichiers-d\u00e9couverte-Sp\u00e9cial-Athl\u00e9tisme-5eme-4eme-3eme<\/strong><\/a><a href=\"https:\/\/parentissportathle.fr\/wp-content\/uploads\/2025\/09\/PassAthleduc-Fichiers-decouverte-Special-Athletisme-5eme-4eme-3eme.pdf\" class=\"wp-block-file__button wp-element-button\" download aria-describedby=\"wp-block-file--media-f3b734c1-ba4b-43d3-ac71-4e07670798d4\">T\u00e9l\u00e9charger<\/a><\/div>\n\n\n\n<div data-wp-interactive=\"core\/file\" class=\"wp-block-file\"><object data-wp-bind--hidden=\"!state.hasPdfPreview\" hidden class=\"wp-block-file__embed\" data=\"https:\/\/parentissportathle.fr\/wp-content\/uploads\/2025\/11\/Mois-sans-tabac-C4-2.pdf\" type=\"application\/pdf\" style=\"width:100%;height:600px\" aria-label=\"Contenu embarqu\u00e9 &lt;strong&gt;Mois-sans-tabac-C4-2&lt;\/strong&gt;.\"><\/object><a id=\"wp-block-file--media-d9f90962-1c4d-4605-af9f-c3ede7ce329c\" href=\"https:\/\/parentissportathle.fr\/wp-content\/uploads\/2025\/11\/Mois-sans-tabac-C4-2.pdf\"><strong>Mois-sans-tabac-C4-2<\/strong><\/a><a href=\"https:\/\/parentissportathle.fr\/wp-content\/uploads\/2025\/11\/Mois-sans-tabac-C4-2.pdf\" class=\"wp-block-file__button wp-element-button\" download aria-describedby=\"wp-block-file--media-d9f90962-1c4d-4605-af9f-c3ede7ce329c\">T\u00e9l\u00e9charger<\/a><\/div>\n\n\n\n<div data-wp-interactive=\"core\/file\" class=\"wp-block-file\"><object data-wp-bind--hidden=\"!state.hasPdfPreview\" hidden class=\"wp-block-file__embed\" data=\"https:\/\/parentissportathle.fr\/wp-content\/uploads\/2025\/11\/Sport-et-EMC-C4.pdf\" type=\"application\/pdf\" style=\"width:100%;height:390px\" aria-label=\"Contenu embarqu\u00e9 &lt;strong&gt;Sport-et-EMC-C4&lt;\/strong&gt;.\"><\/object><a id=\"wp-block-file--media-a55c3471-2d91-42bc-bbda-8d1572e4a808\" href=\"https:\/\/parentissportathle.fr\/wp-content\/uploads\/2025\/11\/Sport-et-EMC-C4.pdf\"><strong>Sport-et-EMC-C4<\/strong><\/a><a href=\"https:\/\/parentissportathle.fr\/wp-content\/uploads\/2025\/11\/Sport-et-EMC-C4.pdf\" class=\"wp-block-file__button wp-element-button\" download aria-describedby=\"wp-block-file--media-a55c3471-2d91-42bc-bbda-8d1572e4a808\">T\u00e9l\u00e9charger<\/a><\/div>\n\n\n\n<div data-wp-interactive=\"core\/file\" class=\"wp-block-file\"><object data-wp-bind--hidden=\"!state.hasPdfPreview\" hidden class=\"wp-block-file__embed\" data=\"https:\/\/parentissportathle.fr\/wp-content\/uploads\/2025\/11\/Lutte-contre-la-discrimination-et-le-racisme-par-le-sport-C3.pdf\" type=\"application\/pdf\" style=\"width:100%;height:600px\" aria-label=\"Contenu embarqu\u00e9 &lt;strong&gt;Lutte-contre-la-discrimination-et-le-racisme-par-le-sport-C3&lt;\/strong&gt;.\"><\/object><a id=\"wp-block-file--media-d89dad80-1e3d-40aa-8408-4bb2b459fc0a\" href=\"https:\/\/parentissportathle.fr\/wp-content\/uploads\/2025\/11\/Lutte-contre-la-discrimination-et-le-racisme-par-le-sport-C3.pdf\"><strong>Lutte-contre-la-discrimination-et-le-racisme-par-le-sport-C3<\/strong><\/a><a href=\"https:\/\/parentissportathle.fr\/wp-content\/uploads\/2025\/11\/Lutte-contre-la-discrimination-et-le-racisme-par-le-sport-C3.pdf\" class=\"wp-block-file__button wp-element-button\" download aria-describedby=\"wp-block-file--media-d89dad80-1e3d-40aa-8408-4bb2b459fc0a\">T\u00e9l\u00e9charger<\/a><\/div>\n\n\n\n<div data-wp-interactive=\"core\/file\" class=\"wp-block-file\"><object data-wp-bind--hidden=\"!state.hasPdfPreview\" hidden class=\"wp-block-file__embed\" data=\"https:\/\/parentissportathle.fr\/wp-content\/uploads\/2025\/11\/mini-Livret-Lutte-contre-la-discrimination-et-le-racisme-par-le-sport-C2-Cycle-2-PassEducation.pdf\" type=\"application\/pdf\" style=\"width:100%;height:600px\" aria-label=\"Contenu embarqu\u00e9 &lt;strong&gt;mini-Livret-Lutte-contre-la-discrimination-et-le-racisme-par-le-sport-C2-Cycle-2-PassEducation&lt;\/strong&gt;.\"><\/object><a id=\"wp-block-file--media-455b0aaf-614a-40c1-85e1-30bab5427382\" href=\"https:\/\/parentissportathle.fr\/wp-content\/uploads\/2025\/11\/mini-Livret-Lutte-contre-la-discrimination-et-le-racisme-par-le-sport-C2-Cycle-2-PassEducation.pdf\"><strong>mini-Livret-Lutte-contre-la-discrimination-et-le-racisme-par-le-sport-C2-Cycle-2-PassEducation<\/strong><\/a><a href=\"https:\/\/parentissportathle.fr\/wp-content\/uploads\/2025\/11\/mini-Livret-Lutte-contre-la-discrimination-et-le-racisme-par-le-sport-C2-Cycle-2-PassEducation.pdf\" class=\"wp-block-file__button wp-element-button\" download aria-describedby=\"wp-block-file--media-455b0aaf-614a-40c1-85e1-30bab5427382\">T\u00e9l\u00e9charger<\/a><\/div>\n\n\n\n<div data-wp-interactive=\"core\/file\" class=\"wp-block-file\"><object data-wp-bind--hidden=\"!state.hasPdfPreview\" hidden class=\"wp-block-file__embed\" data=\"https:\/\/parentissportathle.fr\/wp-content\/uploads\/2025\/11\/Les-valeurs-du-sport-Signal-Sport-EMC-CE1-CE2-.pdf\" type=\"application\/pdf\" style=\"width:100%;height:600px\" aria-label=\"Contenu embarqu\u00e9 Les-valeurs-du-sport-Signal-Sport-EMC-CE1-CE2-.\"><\/object><a id=\"wp-block-file--media-f686501b-0a86-442c-8c12-367387829260\" href=\"https:\/\/parentissportathle.fr\/wp-content\/uploads\/2025\/11\/Les-valeurs-du-sport-Signal-Sport-EMC-CE1-CE2-.pdf\">Les-valeurs-du-sport-Signal-Sport-EMC-CE1-CE2-<\/a><a href=\"https:\/\/parentissportathle.fr\/wp-content\/uploads\/2025\/11\/Les-valeurs-du-sport-Signal-Sport-EMC-CE1-CE2-.pdf\" class=\"wp-block-file__button wp-element-button\" download aria-describedby=\"wp-block-file--media-f686501b-0a86-442c-8c12-367387829260\">T\u00e9l\u00e9charger<\/a><\/div>\n\n\n\n<div data-wp-interactive=\"core\/file\" class=\"wp-block-file\"><object data-wp-bind--hidden=\"!state.hasPdfPreview\" hidden class=\"wp-block-file__embed\" data=\"https:\/\/parentissportathle.fr\/wp-content\/uploads\/2025\/11\/Correction-Les-valeurs-du-sport-Signal-Sport-EMC-CE1-CE2-.pdf\" type=\"application\/pdf\" style=\"width:100%;height:600px\" aria-label=\"Contenu embarqu\u00e9 Correction-Les-valeurs-du-sport-Signal-Sport-EMC-CE1-CE2-.\"><\/object><a id=\"wp-block-file--media-8565469f-7deb-4790-94e1-dac70228eb1a\" href=\"https:\/\/parentissportathle.fr\/wp-content\/uploads\/2025\/11\/Correction-Les-valeurs-du-sport-Signal-Sport-EMC-CE1-CE2-.pdf\">Correction-Les-valeurs-du-sport-Signal-Sport-EMC-CE1-CE2-<\/a><a href=\"https:\/\/parentissportathle.fr\/wp-content\/uploads\/2025\/11\/Correction-Les-valeurs-du-sport-Signal-Sport-EMC-CE1-CE2-.pdf\" class=\"wp-block-file__button wp-element-button\" download aria-describedby=\"wp-block-file--media-8565469f-7deb-4790-94e1-dac70228eb1a\">T\u00e9l\u00e9charger<\/a><\/div>\n\n\n\n<div data-wp-interactive=\"core\/file\" class=\"wp-block-file\"><object data-wp-bind--hidden=\"!state.hasPdfPreview\" hidden class=\"wp-block-file__embed\" data=\"https:\/\/parentissportathle.fr\/wp-content\/uploads\/2025\/11\/Les-valeurs-du-sport-Signal-Sport-EMC-CM1-CM2-1.pdf\" type=\"application\/pdf\" style=\"width:100%;height:600px\" aria-label=\"Contenu embarqu\u00e9 Les-valeurs-du-sport-Signal-Sport-EMC-CM1-CM2-1.\"><\/object><a id=\"wp-block-file--media-c1801bf1-9d74-4040-a68d-0a1eac1fe90e\" href=\"https:\/\/parentissportathle.fr\/wp-content\/uploads\/2025\/11\/Les-valeurs-du-sport-Signal-Sport-EMC-CM1-CM2-1.pdf\">Les-valeurs-du-sport-Signal-Sport-EMC-CM1-CM2-1<\/a><a href=\"https:\/\/parentissportathle.fr\/wp-content\/uploads\/2025\/11\/Les-valeurs-du-sport-Signal-Sport-EMC-CM1-CM2-1.pdf\" class=\"wp-block-file__button wp-element-button\" download aria-describedby=\"wp-block-file--media-c1801bf1-9d74-4040-a68d-0a1eac1fe90e\">T\u00e9l\u00e9charger<\/a><\/div>\n\n\n\n<div data-wp-interactive=\"core\/file\" class=\"wp-block-file\"><object data-wp-bind--hidden=\"!state.hasPdfPreview\" hidden class=\"wp-block-file__embed\" data=\"https:\/\/parentissportathle.fr\/wp-content\/uploads\/2025\/11\/Correction-Les-valeurs-du-sport-Signal-Sport-EMC-CM1-CM2-1.pdf\" type=\"application\/pdf\" style=\"width:100%;height:600px\" aria-label=\"Contenu embarqu\u00e9 Correction-Les-valeurs-du-sport-Signal-Sport-EMC-CM1-CM2-1.\"><\/object><a id=\"wp-block-file--media-0f43872c-3b2d-4a9b-a6ae-c45b235690a1\" href=\"https:\/\/parentissportathle.fr\/wp-content\/uploads\/2025\/11\/Correction-Les-valeurs-du-sport-Signal-Sport-EMC-CM1-CM2-1.pdf\">Correction-Les-valeurs-du-sport-Signal-Sport-EMC-CM1-CM2-1<\/a><a href=\"https:\/\/parentissportathle.fr\/wp-content\/uploads\/2025\/11\/Correction-Les-valeurs-du-sport-Signal-Sport-EMC-CM1-CM2-1.pdf\" class=\"wp-block-file__button wp-element-button\" download aria-describedby=\"wp-block-file--media-0f43872c-3b2d-4a9b-a6ae-c45b235690a1\">T\u00e9l\u00e9charger<\/a><\/div>\n","protected":false},"excerpt":{"rendered":"<p>Vous trouverez sur cette page les fiches Pass Education ainsi que les op\u00e9rations qui seront men\u00e9s durant l&rsquo;ann\u00e9e.<\/p>\n","protected":false},"author":1,"featured_media":0,"parent":0,"menu_order":0,"comment_status":"closed","ping_status":"closed","template":"","meta":{"footnotes":""},"class_list":["post-1973","page","type-page","status-publish","hentry"],"_links":{"self":[{"href":"https:\/\/parentissportathle.fr\/index.php\/wp-json\/wp\/v2\/pages\/1973","targetHints":{"allow":["GET"]}}],"collection":[{"href":"https:\/\/parentissportathle.fr\/index.php\/wp-json\/wp\/v2\/pages"}],"about":[{"href":"https:\/\/parentissportathle.fr\/index.php\/wp-json\/wp\/v2\/types\/page"}],"author":[{"embeddable":true,"href":"https:\/\/parentissportathle.fr\/index.php\/wp-json\/wp\/v2\/users\/1"}],"replies":[{"embeddable":true,"href":"https:\/\/parentissportathle.fr\/index.php\/wp-json\/wp\/v2\/comments?post=1973"}],"version-history":[{"count":9,"href":"https:\/\/parentissportathle.fr\/index.php\/wp-json\/wp\/v2\/pages\/1973\/revisions"}],"predecessor-version":[{"id":2089,"href":"https:\/\/parentissportathle.fr\/index.php\/wp-json\/wp\/v2\/pages\/1973\/revisions\/2089"}],"wp:attachment":[{"href":"https:\/\/parentissportathle.fr\/index.php\/wp-json\/wp\/v2\/media?parent=1973"}],"curies":[{"name":"wp","href":"https:\/\/api.w.org\/{rel}","templated":true}]}}