{"id":145,"date":"2024-07-26T16:37:02","date_gmt":"2024-07-26T14:37:02","guid":{"rendered":"https:\/\/parentissportathle.fr\/?page_id=145"},"modified":"2025-06-09T21:58:06","modified_gmt":"2025-06-09T19:58:06","slug":"evenements","status":"publish","type":"page","link":"https:\/\/parentissportathle.fr\/index.php\/evenements\/","title":{"rendered":"Ev\u00e9nements"},"content":{"rendered":"\n<div style=\"height:100px\" aria-hidden=\"true\" class=\"wp-block-spacer\"><\/div>\n\n\n\n<h2 class=\"wp-block-heading has-text-align-center\">Assembl\u00e9e G\u00e9n\u00e9rale 2025<\/h2>\n\n\n\n<div class=\"wp-block-group is-vertical is-content-justification-center is-layout-flex wp-container-core-group-is-layout-81423f52 wp-block-group-is-layout-flex\">\n<p class=\"has-text-align-center has-medium-font-size\" style=\"padding-top:var(--wp--preset--spacing--10);padding-right:var(--wp--preset--spacing--40);padding-bottom:var(--wp--preset--spacing--10);padding-left:var(--wp--preset--spacing--40)\">L&rsquo;Assembl\u00e9e G\u00e9n\u00e9rale 2025 s&rsquo;est tenue le 6 juin au Centre Administratif de Parentis<br>en pr\u00e9sence de Madame NADAU, maire de Parentis en Born.<\/p>\n\n\n\n<figure class=\"wp-block-image size-large\"><img fetchpriority=\"high\" decoding=\"async\" width=\"1024\" height=\"768\" src=\"https:\/\/parentissportathle.fr\/wp-content\/uploads\/2025\/06\/AG-2025-1-1024x768.jpg\" alt=\"\" class=\"wp-image-1781\" srcset=\"https:\/\/parentissportathle.fr\/wp-content\/uploads\/2025\/06\/AG-2025-1-1024x768.jpg 1024w, https:\/\/parentissportathle.fr\/wp-content\/uploads\/2025\/06\/AG-2025-1-300x225.jpg 300w, https:\/\/parentissportathle.fr\/wp-content\/uploads\/2025\/06\/AG-2025-1-768x576.jpg 768w, https:\/\/parentissportathle.fr\/wp-content\/uploads\/2025\/06\/AG-2025-1-1536x1152.jpg 1536w, https:\/\/parentissportathle.fr\/wp-content\/uploads\/2025\/06\/AG-2025-1-2048x1536.jpg 2048w\" sizes=\"(max-width: 1024px) 100vw, 1024px\" \/><\/figure>\n\n\n\n<figure class=\"wp-block-image size-large\" style=\"margin-top:var(--wp--preset--spacing--10);margin-right:var(--wp--preset--spacing--10);margin-bottom:var(--wp--preset--spacing--10);margin-left:var(--wp--preset--spacing--10)\"><img decoding=\"async\" width=\"1024\" height=\"768\" src=\"https:\/\/parentissportathle.fr\/wp-content\/uploads\/2025\/06\/AG-2025-2-1024x768.jpg\" alt=\"\" class=\"wp-image-1782\" srcset=\"https:\/\/parentissportathle.fr\/wp-content\/uploads\/2025\/06\/AG-2025-2-1024x768.jpg 1024w, https:\/\/parentissportathle.fr\/wp-content\/uploads\/2025\/06\/AG-2025-2-300x225.jpg 300w, https:\/\/parentissportathle.fr\/wp-content\/uploads\/2025\/06\/AG-2025-2-768x576.jpg 768w, https:\/\/parentissportathle.fr\/wp-content\/uploads\/2025\/06\/AG-2025-2-1536x1152.jpg 1536w, https:\/\/parentissportathle.fr\/wp-content\/uploads\/2025\/06\/AG-2025-2-2048x1536.jpg 2048w\" sizes=\"(max-width: 1024px) 100vw, 1024px\" \/><\/figure>\n<\/div>\n\n\n\n<div class=\"wp-block-group is-content-justification-center is-nowrap is-layout-flex wp-container-core-group-is-layout-23441af8 wp-block-group-is-layout-flex\"><\/div>\n\n\n\n<div style=\"height:100px\" aria-hidden=\"true\" class=\"wp-block-spacer\"><\/div>\n\n\n\n<h2 class=\"wp-block-heading has-text-align-center\">A venir : <a href=\"https:\/\/ok-time.fr\/competition\/trail-des-forges-ychoux\/\" target=\"_blank\" rel=\"noreferrer noopener\">Trail des Forges Ychoux &#8211; 15 ao\u00fbt 2025<\/a><\/h2>\n\n\n\n<figure class=\"wp-block-image aligncenter size-large\"><img decoding=\"async\" width=\"721\" height=\"1024\" src=\"https:\/\/parentissportathle.fr\/wp-content\/uploads\/2025\/05\/Affiche-Trail-des-Forges-721x1024.png\" alt=\"\" class=\"wp-image-1746\" srcset=\"https:\/\/parentissportathle.fr\/wp-content\/uploads\/2025\/05\/Affiche-Trail-des-Forges-721x1024.png 721w, https:\/\/parentissportathle.fr\/wp-content\/uploads\/2025\/05\/Affiche-Trail-des-Forges-211x300.png 211w, https:\/\/parentissportathle.fr\/wp-content\/uploads\/2025\/05\/Affiche-Trail-des-Forges-768x1090.png 768w, https:\/\/parentissportathle.fr\/wp-content\/uploads\/2025\/05\/Affiche-Trail-des-Forges.png 1079w\" sizes=\"(max-width: 721px) 100vw, 721px\" \/><\/figure>\n\n\n\n<div style=\"height:100px\" aria-hidden=\"true\" class=\"wp-block-spacer\"><\/div>\n\n\n\n<hr class=\"wp-block-separator has-alpha-channel-opacity\"\/>\n\n\n\n<h2 class=\"wp-block-heading has-text-align-center\">Tombola de fin d&rsquo;ann\u00e9e<\/h2>\n\n\n\n<figure class=\"wp-block-image aligncenter size-full is-resized has-custom-border is-style-default wp-duotone-unset-1\" style=\"margin-top:var(--wp--preset--spacing--10);margin-bottom:var(--wp--preset--spacing--10)\"><img loading=\"lazy\" decoding=\"async\" width=\"1131\" height=\"1600\" src=\"https:\/\/parentissportathle.fr\/wp-content\/uploads\/2024\/12\/Tombola-1.jpg\" alt=\"\" class=\"wp-image-1273\" style=\"border-width:20px;box-shadow:var(--wp--preset--shadow--natural);width:1024px\" srcset=\"https:\/\/parentissportathle.fr\/wp-content\/uploads\/2024\/12\/Tombola-1.jpg 1131w, https:\/\/parentissportathle.fr\/wp-content\/uploads\/2024\/12\/Tombola-1-212x300.jpg 212w, https:\/\/parentissportathle.fr\/wp-content\/uploads\/2024\/12\/Tombola-1-724x1024.jpg 724w, https:\/\/parentissportathle.fr\/wp-content\/uploads\/2024\/12\/Tombola-1-768x1086.jpg 768w, https:\/\/parentissportathle.fr\/wp-content\/uploads\/2024\/12\/Tombola-1-1086x1536.jpg 1086w\" sizes=\"(max-width: 1131px) 100vw, 1131px\" \/><\/figure>\n\n\n\n<hr class=\"wp-block-separator has-text-color has-contrast-2-color has-alpha-channel-opacity has-contrast-2-background-color has-background is-style-wide\"\/>\n\n\n\n<div style=\"height:100px\" aria-hidden=\"true\" class=\"wp-block-spacer\"><\/div>\n\n\n\n<h2 class=\"wp-block-heading has-text-align-center\">Vide grenier de No\u00ebl<\/h2>\n\n\n\n<figure class=\"wp-block-image aligncenter size-full has-custom-border\" style=\"margin-top:var(--wp--preset--spacing--10);margin-bottom:var(--wp--preset--spacing--10)\"><img loading=\"lazy\" decoding=\"async\" width=\"1080\" height=\"1080\" src=\"https:\/\/parentissportathle.fr\/wp-content\/uploads\/2024\/12\/Vide-grenier.jpg\" alt=\"\" class=\"wp-image-1269\" style=\"border-style:none;border-width:0px;border-radius:0px;box-shadow:var(--wp--preset--shadow--deep)\" srcset=\"https:\/\/parentissportathle.fr\/wp-content\/uploads\/2024\/12\/Vide-grenier.jpg 1080w, https:\/\/parentissportathle.fr\/wp-content\/uploads\/2024\/12\/Vide-grenier-300x300.jpg 300w, https:\/\/parentissportathle.fr\/wp-content\/uploads\/2024\/12\/Vide-grenier-1024x1024.jpg 1024w, https:\/\/parentissportathle.fr\/wp-content\/uploads\/2024\/12\/Vide-grenier-150x150.jpg 150w, https:\/\/parentissportathle.fr\/wp-content\/uploads\/2024\/12\/Vide-grenier-768x768.jpg 768w\" sizes=\"(max-width: 1080px) 100vw, 1080px\" \/><\/figure>\n\n\n\n<hr class=\"wp-block-separator has-text-color has-contrast-2-color has-alpha-channel-opacity has-contrast-2-background-color has-background is-style-wide\" style=\"margin-top:var(--wp--preset--spacing--30);margin-bottom:var(--wp--preset--spacing--50)\"\/>\n\n\n\n<h2 class=\"wp-block-heading has-text-align-center\">Assembl\u00e9e G\u00e9n\u00e9rale constitutive<\/h2>\n\n\n\n<div style=\"height:50px\" aria-hidden=\"true\" class=\"wp-block-spacer\"><\/div>\n\n\n\n<div class=\"wp-block-columns is-layout-flex wp-container-core-columns-is-layout-28f84493 wp-block-columns-is-layout-flex\">\n<div class=\"wp-block-column is-layout-flow wp-block-column-is-layout-flow\" style=\"flex-basis:33.33%\">\n<p>PARENTIS SPORT ATHLETISME est n\u00e9e le 29 juillet 2024 en pr\u00e9sence de Alain TAUZIN, Pr\u00e9sident du CD40 et de Madame GAZEILLES, adjointe au maire repr\u00e9sentant la mairie de Parentis en Born.<\/p>\n\n\n\n<p>L&rsquo;Assembl\u00e9e G\u00e9n\u00e9rale a \u00e9lu un conseil d&rsquo;administration et son bureau.<\/p>\n\n\n\n<p><\/p>\n\n\n\n<p>Pr\u00e9sident : Pierre-Olivier WARNET<\/p>\n\n\n\n<p>Secr\u00e9taire g\u00e9n\u00e9ral : Thierry PEYRE<\/p>\n\n\n\n<p>Tr\u00e9sorier : C\u00e9dric CAVALIER<\/p>\n\n\n\n<p>Secr\u00e9taire g\u00e9n\u00e9ral adjoint : Magali DAFFE<\/p>\n\n\n\n<p>Tr\u00e9sorier adjointe : Martine WARNET<\/p>\n\n\n\n<p>Secr\u00e9taire comptable : Aur\u00e9lie RATTON<\/p>\n\n\n\n<p>Secr\u00e9taire licences-engagements : Fatima DELATTRE<\/p>\n\n\n\n<p>Site internet : Jean-Marie TRIPIANA<\/p>\n\n\n\n<p>Sponsors-communication : Chlo\u00e9 HAY<\/p>\n\n\n\n<p>Commission sportive : <br>Patricia TRIPIANA<br>Jean-Pierre COLLE<\/p>\n\n\n\n<p><\/p>\n<\/div>\n\n\n\n<div class=\"wp-block-column is-layout-flow wp-block-column-is-layout-flow\" style=\"padding-right:var(--wp--preset--spacing--30);padding-left:var(--wp--preset--spacing--30);flex-basis:66.66%\">\n<figure class=\"wp-block-image size-large\"><img loading=\"lazy\" decoding=\"async\" width=\"1024\" height=\"768\" src=\"https:\/\/parentissportathle.fr\/wp-content\/uploads\/2024\/07\/AG-constitutive-1-1024x768.jpg\" alt=\"\" class=\"wp-image-162\" srcset=\"https:\/\/parentissportathle.fr\/wp-content\/uploads\/2024\/07\/AG-constitutive-1-1024x768.jpg 1024w, https:\/\/parentissportathle.fr\/wp-content\/uploads\/2024\/07\/AG-constitutive-1-300x225.jpg 300w, https:\/\/parentissportathle.fr\/wp-content\/uploads\/2024\/07\/AG-constitutive-1-768x576.jpg 768w, https:\/\/parentissportathle.fr\/wp-content\/uploads\/2024\/07\/AG-constitutive-1-1536x1152.jpg 1536w, https:\/\/parentissportathle.fr\/wp-content\/uploads\/2024\/07\/AG-constitutive-1-2048x1536.jpg 2048w\" sizes=\"(max-width: 1024px) 100vw, 1024px\" \/><\/figure>\n\n\n\n<figure class=\"wp-block-image size-large\"><img loading=\"lazy\" decoding=\"async\" width=\"1024\" height=\"768\" src=\"https:\/\/parentissportathle.fr\/wp-content\/uploads\/2024\/07\/AG-constitutive-2-1024x768.jpg\" alt=\"\" class=\"wp-image-163\" srcset=\"https:\/\/parentissportathle.fr\/wp-content\/uploads\/2024\/07\/AG-constitutive-2-1024x768.jpg 1024w, https:\/\/parentissportathle.fr\/wp-content\/uploads\/2024\/07\/AG-constitutive-2-300x225.jpg 300w, https:\/\/parentissportathle.fr\/wp-content\/uploads\/2024\/07\/AG-constitutive-2-768x576.jpg 768w, https:\/\/parentissportathle.fr\/wp-content\/uploads\/2024\/07\/AG-constitutive-2-1536x1152.jpg 1536w, https:\/\/parentissportathle.fr\/wp-content\/uploads\/2024\/07\/AG-constitutive-2-2048x1536.jpg 2048w\" sizes=\"(max-width: 1024px) 100vw, 1024px\" \/><\/figure>\n<\/div>\n<\/div>\n\n\n\n<p><\/p>\n","protected":false},"excerpt":{"rendered":"<p>Assembl\u00e9e G\u00e9n\u00e9rale 2025 L&rsquo;Assembl\u00e9e G\u00e9n\u00e9rale 2025 s&rsquo;est tenue le 6 juin au Centre Administratif de Parentisen pr\u00e9sence de Madame NADAU, maire de Parentis en Born. A venir : Trail des Forges Ychoux &#8211; 15 ao\u00fbt 2025 Tombola de fin d&rsquo;ann\u00e9e Vide grenier de No\u00ebl Assembl\u00e9e G\u00e9n\u00e9rale constitutive PARENTIS SPORT ATHLETISME est n\u00e9e le 29 juillet [&hellip;]<\/p>\n","protected":false},"author":1,"featured_media":0,"parent":0,"menu_order":0,"comment_status":"closed","ping_status":"closed","template":"page-no-title","meta":{"footnotes":""},"class_list":["post-145","page","type-page","status-publish","hentry"],"_links":{"self":[{"href":"https:\/\/parentissportathle.fr\/index.php\/wp-json\/wp\/v2\/pages\/145","targetHints":{"allow":["GET"]}}],"collection":[{"href":"https:\/\/parentissportathle.fr\/index.php\/wp-json\/wp\/v2\/pages"}],"about":[{"href":"https:\/\/parentissportathle.fr\/index.php\/wp-json\/wp\/v2\/types\/page"}],"author":[{"embeddable":true,"href":"https:\/\/parentissportathle.fr\/index.php\/wp-json\/wp\/v2\/users\/1"}],"replies":[{"embeddable":true,"href":"https:\/\/parentissportathle.fr\/index.php\/wp-json\/wp\/v2\/comments?post=145"}],"version-history":[{"count":61,"href":"https:\/\/parentissportathle.fr\/index.php\/wp-json\/wp\/v2\/pages\/145\/revisions"}],"predecessor-version":[{"id":1800,"href":"https:\/\/parentissportathle.fr\/index.php\/wp-json\/wp\/v2\/pages\/145\/revisions\/1800"}],"wp:attachment":[{"href":"https:\/\/parentissportathle.fr\/index.php\/wp-json\/wp\/v2\/media?parent=145"}],"curies":[{"name":"wp","href":"https:\/\/api.w.org\/{rel}","templated":true}]}}